{"id":101,"date":"2021-11-16T11:15:53","date_gmt":"2021-11-16T11:15:53","guid":{"rendered":"https:\/\/rangelproducoes.com\/blog\/?page_id=101"},"modified":"2022-02-08T13:06:36","modified_gmt":"2022-02-08T13:06:36","slug":"escolas-particulares","status":"publish","type":"page","link":"https:\/\/rangelproducoes.com\/blog\/escolas-particulares\/","title":{"rendered":"Escolas Particulares"},"content":{"rendered":"\n<p>Se voc\u00ea est\u00e1 procurando um programa para gerenciar a sua Escola, n\u00f3s temos a solu\u00e7\u00e3o ideal para seu neg\u00f3cio.<\/p>\n\n\n\n<p>O mercado educacional tem se tornado cada vez mais competitivo. Conquistar e reter os estudantes pode ser uma tarefa desafiadora. Por essa raz\u00e3o, \u00e9 preciso investir nas estrat\u00e9gias certas para conseguir se diferenciar diante da concorr\u00eancia.<\/p>\n\n\n\n<h2 class=\"wp-block-heading\" id=\"sistema-completo-para-escolas-particulares\">Sistema Completo para Escolas Particulares<\/h2>\n\n\n\n<p>Para este segmento de mercado indicamos o software RP Controle Escolar, com ele voc\u00ea poder\u00e1 fazer absolutamente tudo que for necess\u00e1rio dentro da rotina da escola, deste notas, boletins, frequ\u00eancias, documentos, estoque, patrim\u00f4nio, livros, planejamentos, caixa, cantina, etc.<\/p>\n\n\n\n<h2 class=\"wp-block-heading\" id=\"conheca-mais-sobre-o-rp-controle-escolar\">Conhe\u00e7a mais sobre o RP Controle Escolar<\/h2>\n\n\n\n<p>O RP Controle Escolar \u00e9 um software completo para gest\u00e3o escolar, emitindo automaticamente boletins, certificados, hist\u00f3ricos escolares, fichas de transfer\u00eancia, fichas de matr\u00edcula, di\u00e1rios de classe, quadro de hor\u00e1rios, declara\u00e7\u00f5es, planejamentos de aula, provas, entre muitos outros documentos, al\u00e9m de possuir um aplicativo auxiliar voltado para o professor.<\/p>\n\n\n\n<p>Com este sistema a vida do educador fica muito mais f\u00e1cil, pois tudo que o professor precisa fazer \u00e9 alimentar o sistema com as avalia\u00e7\u00f5es e frequ\u00eancias, ambas fun\u00e7\u00f5es podem ser realizadas pelo professor no computador ou atrav\u00e9s do aplicativo auxiliar para smartphones. O programa calcula automaticamente todas as notas, com base nas avalia\u00e7\u00f5es lan\u00e7adas, dando o resultado final do aluno<\/p>\n\n\n\n<figure class=\"wp-block-embed is-type-video is-provider-youtube wp-block-embed-youtube wp-embed-aspect-16-9 wp-has-aspect-ratio\"><div class=\"wp-block-embed__wrapper\">\n<iframe title=\"RP Controle Escolar 1.5\" width=\"640\" height=\"360\" src=\"https:\/\/www.youtube.com\/embed\/videoseries?list=PLqoJ1NPG6mq8nCpE2BdJe35V7oKJhEo-N\" frameborder=\"0\" allow=\"accelerometer; autoplay; clipboard-write; encrypted-media; gyroscope; picture-in-picture; web-share\" referrerpolicy=\"strict-origin-when-cross-origin\" allowfullscreen><\/iframe>\n<\/div><\/figure>\n\n\n\n<div class=\"wp-block-buttons is-layout-flex wp-block-buttons-is-layout-flex\">\n<div class=\"wp-block-button\"><a class=\"wp-block-button__link has-white-color has-vivid-green-cyan-background-color has-text-color has-background\" href=\"http:\/\/rangelproducoes.com\/?pagina=softwares\/rpcontroleescolar\/1.5\/registrar\" target=\"_blank\" rel=\"noreferrer noopener\">Quero Adquirir<\/a><\/div>\n<\/div>\n\n\n\n<h3 class=\"wp-block-heading\" id=\"fichas-de-matriculas\">Fichas de Matr\u00edculas<\/h3>\n\n\n\n<p>Caso voc\u00ea precise manter arquivado em papel os dados do aluno o programa vai gerar para voc\u00ea todas as fichas de matr\u00edcula de uma s\u00f3 vez, em segundos voc\u00ea tem as fichas de todos os alunos da turma.<\/p>\n\n\n\n<h3 class=\"wp-block-heading\" id=\"boletins\">Boletins<\/h3>\n\n\n\n<p>Os boletins s\u00e3o gerados automaticamente, voc\u00ea n\u00e3o precisa fazer nenhum c\u00e1lculo, editar nenhum documento, isso mesmo! Imagine uma turma de 40 alunos, levaria horas para voc\u00ea digitar manualmente todos os dados, agora imagine v\u00e1rias turmas! Com o RP Controle Escolar voc\u00ea pode gerar 1000 boletins em minutos.<\/p>\n\n\n\n<h3 class=\"wp-block-heading\" id=\"certificados\">Certificados<\/h3>\n\n\n\n<p>Voc\u00ea pode gerar todos os certificados de uma turma em poucos segundos estar\u00e3o todos prontos para impress\u00e3o, com apenas 4 cliques. Voc\u00ea pode gerar certificados de 500 alunos em menos de 5 minutos, a demora \u00e9 s\u00f3 por conta da sua impressora.<\/p>\n\n\n\n<h3 class=\"wp-block-heading\" id=\"ficha-de-transferencia\">Ficha de Transfer\u00eancia<\/h3>\n\n\n\n<p>Imagine que tenha v\u00e1rias outras coisas para fazer e chega um pai solicitando a transfer\u00eancia de um aluno, n\u00e3o se preocupe, em pouco segundos voc\u00ea ter\u00e1 a ficha de transfer\u00eancia pronta para impress\u00e3o!<\/p>\n\n\n\n<h3 class=\"wp-block-heading\" id=\"declaracao-de-frequencia\">Declara\u00e7\u00e3o de Frequ\u00eancia<\/h3>\n\n\n\n<p>\u00c9 muito comum, para comprova\u00e7\u00e3o de matr\u00edcula, que os pais solicitem declara\u00e7\u00f5es de frequ\u00eancia, este documento tamb\u00e9m pode ser gerado em segundos, sem que voc\u00ea digite nenhum dado do aluno, s\u00f3 imprima!<\/p>\n\n\n\n<h3 class=\"wp-block-heading\" id=\"planejamentos\">Planejamentos<\/h3>\n\n\n\n<p>Que tal padronizar todos os planejamentos de aula e ainda ter todas as informa\u00e7\u00f5es centralizadas no sistema? O programa conta j\u00e1 conta com modelo pr\u00f3prio de planejamento, o professor precisar\u00e1 apenas digitar informa\u00e7\u00f5es como Objetivo, Conte\u00fado, Metodologia, Atividades e Avalia\u00e7\u00e3o, o programa gerar\u00e1 em um modelo padronizado de planejamento da aula, podendo ser impresso v\u00e1rias aulas em um mesmo documento.<\/p>\n\n\n\n<h3 class=\"wp-block-heading\" id=\"historico-escolares\">Hist\u00f3rico Escolares<\/h3>\n\n\n\n<p>Algo que poderia ser complexo, se torna extremamente simples com o RP Controle Escolar, assim que receber um novo aluno, voc\u00ea pode cadastrar todo o hist\u00f3rico recebido de outra institui\u00e7\u00e3o, sempre que precisar\u00e1 gerar o documento de hist\u00f3rico escolar, far\u00e1 com poucos cliques, e atualizado automaticamente com os dados atuais do aluno, puxando todas as notas, carga hor\u00e1ria e frequ\u00eancia da turma atual. Caso o aluno passe todo o tempo na sua institui\u00e7\u00e3o, no \u00faltimo curso\/ano, o hist\u00f3rico escolar poder\u00e1 ser gerado com os dados do aluno por todas as turmas que ele esteve, sem necessidade de cadastrar nenhuma informa\u00e7\u00e3o nova.<\/p>\n\n\n\n<h3 class=\"wp-block-heading\" id=\"diario-de-classe\">Di\u00e1rio de Classe<\/h3>\n\n\n\n<p>Com o aplicativo o professor pode fazer a chamada diretamente no celular, mas caso voc\u00ea queira ou precise deixar arquivado em papel, o programa emite o cl\u00e1ssico di\u00e1rio de classe, para que o professor efetue a chamada na sala de aula, este di\u00e1rio poder\u00e1 ser em branco ou j\u00e1 preenchido com as datas das aulas programadas.<\/p>\n\n\n\n<h3 class=\"wp-block-heading\" id=\"provas\">Provas<\/h3>\n\n\n\n<p>Digitar provas no Word, se perder na corre\u00e7\u00e3o? Isso \u00e9 coisa do passado! Com o RP Controle Escolar o professor poder\u00e1 digitar provas, com quest\u00f5es discursivas ou de m\u00faltipla escolha, fazendo a corre\u00e7\u00e3o diretamente no aplicativo ou no computador, sem precisar somar as pontua\u00e7\u00f5es. Al\u00e9m de poder gerar provas m\u00faltiplas escolha, embaralhando as quest\u00f5es, dificultando a cola. Cada prova gerada sair\u00e1 com o cabe\u00e7alho pronto, identificando o nome do aluno e turma.<\/p>\n\n\n\n<h3 class=\"wp-block-heading\" id=\"banco-de-questoes\">Banco de Quest\u00f5es<\/h3>\n\n\n\n<p>A vantagem de se utilizar o sistema gerador de provas \u00e9 que todas as quest\u00f5es podem ficar salvas para utiliza\u00e7\u00e3o futura em outras turmas e anos, sempre que o professor for fazer uma nova avalia\u00e7\u00e3o, ele pode buscar por quest\u00f5es j\u00e1 cadastradas por ele, \u00e9 poss\u00edvel deixar o banco de quest\u00f5es livre, para que um professor utilize quest\u00f5es de outro professor em suas turmas.<\/p>\n\n\n\n<h3 class=\"wp-block-heading\" id=\"horarios-programacao-de-aulas\">Hor\u00e1rios \/ Programa\u00e7\u00e3o de Aulas<\/h3>\n\n\n\n<p>Voc\u00ea pode gerar a programa\u00e7\u00e3o das aulas de forma autom\u00e1tica, cadastrando o hor\u00e1rio do professor e a disciplina, ao confirmar o programa gerar\u00e1 todas as aulas dentro do intervalo de tempo definido por voc\u00ea, ignorando os feriados cadastrados, a programa\u00e7\u00e3o de aulas servir\u00e1 para o controle de frequ\u00eancias e planejamentos. Uma vez gerada a programa\u00e7\u00e3o, voc\u00ea pode imprimir o Quadro de Hor\u00e1rios do Per\u00edodo desejado.<\/p>\n\n\n\n<h3 class=\"wp-block-heading\" id=\"frequencias\">Frequ\u00eancias<\/h3>\n\n\n\n<p>O controle de frequ\u00eancia pode ser feito pelo professor diretamente no aplicativo, de forma offline, n\u00e3o precisa de internet nem de presen\u00e7a na institui\u00e7\u00e3o, depois os dados podem ser sincronizados com o servidor. A frequ\u00eancia tamb\u00e9m pode ser lan\u00e7ada diretamente no computador, seja no computador principal onde estiver o software, ou em outros computadores conectados em rede.<\/p>\n\n\n\n<h3 class=\"wp-block-heading\" id=\"pendencias\">Pend\u00eancias<\/h3>\n\n\n\n<p>Existem documentos obrigat\u00f3rios para matr\u00edcula? Como cart\u00e3o de vacina\u00e7\u00e3o, c\u00f3pia da certid\u00e3o, etc. Voc\u00ea pode fazer o controle dessas pend\u00eancias atrav\u00e9s do sistema, emitindo relat\u00f3rios de documentos pendentes, de acordo o que voc\u00ea cadastrar em cada curso.<\/p>\n\n\n\n<h3 class=\"wp-block-heading\" id=\"aplicativo\">Aplicativo<\/h3>\n\n\n\n<p>O aplicativo tem o objetivo de auxiliar o professor no dia a dia, com ele \u00e9 poss\u00edvel fazer a chamada, lan\u00e7ar as notas e corrigir provas, o uso do aplicativo \u00e9 offline, ou seja, o professor n\u00e3o precisa ter conex\u00e3o com a internet e nem est\u00e1 na institui\u00e7\u00e3o para fazer essas atividades, basta sincronizar posteriormente depois que estiver finalizado.<\/p>\n\n\n\n<h3 class=\"wp-block-heading\" id=\"agenda-escolar\">Agenda Escolar<\/h3>\n\n\n\n<p>Muitos compromissos, reuni\u00f5es e ocorr\u00eancias do dia a dia? O m\u00f3dulo Agenda Escolar tem o objetivo de lhe ajudar com tudo isso, \u00e9 um m\u00f3dulo multifun\u00e7\u00e3o, voc\u00ea pode usar para controlar diversas atividades dentro da institui\u00e7\u00e3o, por exemplo Advert\u00eancias, Alunos Atrasados, Entrevistas, Lembretes, Ocorr\u00eancias em Geral, al\u00e9m \u00e9 claro de Reuni\u00f5es, de Professores, Pais, Funcion\u00e1rios, Etc. Todo evento na agenda pode ou n\u00e3o ter uma rela\u00e7\u00e3o com um curso, uma turma, um funcion\u00e1rio, um professor, uma disciplina ou um aluno, voc\u00ea pode organizar por tipo e assunto de sua prefer\u00eancia.<\/p>\n\n\n\n<h3 class=\"wp-block-heading\" id=\"controle-de-livros\">Controle de Livros<\/h3>\n\n\n\n<p>A biblioteca n\u00e3o poderia ficar de fora, voc\u00ea pode cadastrar todos os seus livros e materiais did\u00e1ticos, fazendo o controle dos empr\u00e9stimos e devolu\u00e7\u00f5es pelos alunos, verificando os atrasados, emitindo relat\u00f3rios, etc., caso queira voc\u00ea pode inclusive associar uma taxa de loca\u00e7\u00e3o a estes materiais.<\/p>\n\n\n\n<h3 class=\"wp-block-heading\" id=\"controle-patrimonial\">Controle Patrimonial<\/h3>\n\n\n\n<p>Voc\u00ea tem um controle completo de todo o patrim\u00f4nio escolar, como carteiras, mesas, TVs, impressoras, bebedouros, etc. Tudo isso pode ser cadastrado no sistema, com sua devida identifica\u00e7\u00e3o, sempre que precisar pode emitir uma ficha de contagem, para verificar todos estes itens e controlar tamb\u00e9m o estado de conserva\u00e7\u00e3o dos mesmos.<\/p>\n\n\n\n<h3 class=\"wp-block-heading\" id=\"controle-de-caixa\">Controle de Caixa<\/h3>\n\n\n\n<p>Um controle completo de caixa, para voc\u00ea controlar todos os lan\u00e7amentos, entradas e sa\u00eddas de valores do seu caixa, com a possibilidade de fazer abertura e fechamento para confer\u00eancia.<\/p>\n\n\n\n<h3 class=\"wp-block-heading\" id=\"contas-a-pagar\">Contas \u00e0 Pagar<\/h3>\n\n\n\n<p>Um controle completo de todas as suas despesas ainda n\u00e3o pagas com seus fornecedores.<\/p>\n\n\n\n<h3 class=\"wp-block-heading\" id=\"contas-a-receber\">Contas \u00e0 Receber<\/h3>\n\n\n\n<p>Voc\u00ea pode ter um controle de tudo que tem para receber, como por exemplo, as mensalidades dos alunos, pode tamb\u00e9m emitir recibos, gerar carn\u00eas, nota promiss\u00f3ria, entre v\u00e1rios outros documentos.<\/p>\n\n\n\n<h3 class=\"wp-block-heading\" id=\"pagamentos-de-funcionarios\">Pagamentos de Funcion\u00e1rios<\/h3>\n\n\n\n<p>Caso precise, dentro do sistema \u00e9 poss\u00edvel ter o controle dos pagamentos dos funcion\u00e1rios, informando a data, valor e emitindo um recibo para que o funcion\u00e1rio assine.<\/p>\n\n\n\n<h3 class=\"wp-block-heading\" id=\"gerador-financeiro\">Gerador Financeiro<\/h3>\n\n\n\n<p>Um m\u00f3dulo extra para emiss\u00e3o r\u00e1pida, sem cadastro, de v\u00e1rios tipos de documentos financeiros, como carn\u00eas, promiss\u00f3rias, duplicatas, recibos, c\u00e1lculo r\u00e1pido de troco.<\/p>\n\n\n\n<h3 class=\"wp-block-heading\" id=\"vendas\">Vendas<\/h3>\n\n\n\n<p>Dentro do RP Controle Escolar voc\u00ea tem m\u00f3dulos completos para vendas de produtos e servi\u00e7os, voc\u00ea controlar desde a venda de materiais did\u00e1ticos, at\u00e9 venda de produtos aliment\u00edcios, como cantina ou lanchonete, fazendo a venda de v\u00e1rias formas, direto no caixa, direto no balc\u00e3o, vendas para entrega futura, vendas por comandas (mesas ou cart\u00f5es de consumo).<\/p>\n\n\n\n<h3 class=\"wp-block-heading\" id=\"controle-de-estoque\">Controle de Estoque<\/h3>\n\n\n\n<p>Tem um m\u00f3dulo especial para controle de estoque, mesmo que n\u00e3o realize vendas dentro do estabelecimento, eventualmente pode precisar controlar os insumos dentro da cozinha, controlar o estoque de materiais, folhas, etc. Todo este controle de estoque pode ser feito dentro do sistema.<\/p>\n\n\n\n<h3 class=\"wp-block-heading\" id=\"orcamentos\">Or\u00e7amentos<\/h3>\n\n\n\n<p>Voc\u00ea pode realizar or\u00e7amentos dos servi\u00e7os ou produtos oferecidos, emitindo para o cliente, de forma r\u00e1pida, um documento com validade definida por voc\u00ea.<\/p>\n\n\n\n<h3 class=\"wp-block-heading\" id=\"compras\">Compras<\/h3>\n\n\n\n<p>Voc\u00ea pode controlar a compra de todos os produtos, insumos, servi\u00e7os e itens necess\u00e1rios, todo o m\u00f3dulo de compra \u00e9 integrado com o financeiro, sendo poss\u00edvel um controle preciso de tudo que se gasta na sua institui\u00e7\u00e3o.<\/p>\n\n\n\n<h3 class=\"wp-block-heading\" id=\"ordens-de-servico\">Ordens de Servi\u00e7o<\/h3>\n\n\n\n<p>Caso tenha funcion\u00e1rios para fazer manuten\u00e7\u00f5es nas instala\u00e7\u00f5es ou preste algum servi\u00e7o para o cliente final, voc\u00ea pode utilizar o m\u00f3dulo de ordens de servi\u00e7o para ter um controle preciso de tudo que est\u00e1 sendo feito, acompanhando a evolu\u00e7\u00e3o das atividades.<\/p>\n\n\n\n<h3 class=\"wp-block-heading\" id=\"personalizacoes\">Personaliza\u00e7\u00f5es<\/h3>\n\n\n\n<p>Todos os documentos citados podem ser personalizados com as logomarcas de sua prefer\u00eancia, podendo escolher at\u00e9 3 logos para o cabe\u00e7alho de cada documento.<\/p>\n\n\n\n<p>Caso tenha algum documento espec\u00edfico, podemos realizar o desenvolvimento personalizado para sua necessidade, para or\u00e7amento deste servi\u00e7o, entre em contato, informando detalhes da sua necessidade.<\/p>\n\n\n\n<p>Ent\u00e3o! Voc\u00ea ainda est\u00e1 esperando o que para come\u00e7ar a utilizar o nosso programa para automatizar as suas tarefas?<\/p>\n\n\n\n<div class=\"wp-block-buttons is-layout-flex wp-block-buttons-is-layout-flex\">\n<div class=\"wp-block-button\"><a class=\"wp-block-button__link has-white-color has-vivid-green-cyan-background-color has-text-color has-background\" href=\"http:\/\/rangelproducoes.com\/?pagina=softwares\/rpcontroleescolar\/1.5\/registrar\" target=\"_blank\" rel=\"noreferrer noopener\">Quero Adquirir<\/a><\/div>\n<\/div>\n","protected":false},"excerpt":{"rendered":"<p>Se voc\u00ea est\u00e1 procurando um programa para gerenciar a sua Escola, n\u00f3s temos a solu\u00e7\u00e3o ideal para seu neg\u00f3cio. O mercado educacional tem se tornado [&hellip;]<\/p>\n","protected":false},"author":1,"featured_media":0,"parent":0,"menu_order":0,"comment_status":"closed","ping_status":"closed","template":"","meta":{"footnotes":""},"class_list":["post-101","page","type-page","status-publish","hentry"],"yoast_head":"<!-- This site is optimized with the Yoast SEO plugin v26.9 - https:\/\/yoast.com\/product\/yoast-seo-wordpress\/ -->\n<title>Escolas Particulares - Blog Rangel Produ\u00e7\u00f5es<\/title>\n<meta name=\"description\" content=\"Se voc\u00ea est\u00e1 procurando um programa para gerenciar a sua Escola, n\u00f3s temos a solu\u00e7\u00e3o ideal para seu neg\u00f3cio.\" \/>\n<meta name=\"robots\" content=\"index, follow, max-snippet:-1, max-image-preview:large, max-video-preview:-1\" \/>\n<link rel=\"canonical\" href=\"https:\/\/rangelproducoes.com\/blog\/escolas-particulares\/\" \/>\n<meta property=\"og:locale\" content=\"pt_BR\" \/>\n<meta property=\"og:type\" content=\"article\" \/>\n<meta property=\"og:title\" content=\"Escolas Particulares - Blog Rangel Produ\u00e7\u00f5es\" \/>\n<meta property=\"og:description\" content=\"Se voc\u00ea est\u00e1 procurando um programa para gerenciar a sua Escola, n\u00f3s temos a solu\u00e7\u00e3o ideal para seu neg\u00f3cio.\" \/>\n<meta property=\"og:url\" content=\"https:\/\/rangelproducoes.com\/blog\/escolas-particulares\/\" \/>\n<meta property=\"og:site_name\" content=\"Blog Rangel Produ\u00e7\u00f5es\" \/>\n<meta property=\"article:modified_time\" content=\"2022-02-08T13:06:36+00:00\" \/>\n<meta name=\"twitter:card\" content=\"summary_large_image\" \/>\n<meta name=\"twitter:label1\" content=\"Est. tempo de leitura\" \/>\n\t<meta name=\"twitter:data1\" content=\"9 minutos\" \/>\n<script type=\"application\/ld+json\" class=\"yoast-schema-graph\">{\"@context\":\"https:\/\/schema.org\",\"@graph\":[{\"@type\":\"WebPage\",\"@id\":\"https:\/\/rangelproducoes.com\/blog\/escolas-particulares\/\",\"url\":\"https:\/\/rangelproducoes.com\/blog\/escolas-particulares\/\",\"name\":\"Escolas Particulares - Blog Rangel Produ\u00e7\u00f5es\",\"isPartOf\":{\"@id\":\"https:\/\/rangelproducoes.com\/blog\/#website\"},\"datePublished\":\"2021-11-16T11:15:53+00:00\",\"dateModified\":\"2022-02-08T13:06:36+00:00\",\"description\":\"Se voc\u00ea est\u00e1 procurando um programa para gerenciar a sua Escola, n\u00f3s temos a solu\u00e7\u00e3o ideal para seu neg\u00f3cio.\",\"breadcrumb\":{\"@id\":\"https:\/\/rangelproducoes.com\/blog\/escolas-particulares\/#breadcrumb\"},\"inLanguage\":\"pt-BR\",\"potentialAction\":[{\"@type\":\"ReadAction\",\"target\":[\"https:\/\/rangelproducoes.com\/blog\/escolas-particulares\/\"]}]},{\"@type\":\"BreadcrumbList\",\"@id\":\"https:\/\/rangelproducoes.com\/blog\/escolas-particulares\/#breadcrumb\",\"itemListElement\":[{\"@type\":\"ListItem\",\"position\":1,\"name\":\"In\u00edcio\",\"item\":\"https:\/\/rangelproducoes.com\/blog\/\"},{\"@type\":\"ListItem\",\"position\":2,\"name\":\"Escolas Particulares\"}]},{\"@type\":\"WebSite\",\"@id\":\"https:\/\/rangelproducoes.com\/blog\/#website\",\"url\":\"https:\/\/rangelproducoes.com\/blog\/\",\"name\":\"Blog Rangel Produ\u00e7\u00f5es\",\"description\":\"\",\"publisher\":{\"@id\":\"https:\/\/rangelproducoes.com\/blog\/#organization\"},\"potentialAction\":[{\"@type\":\"SearchAction\",\"target\":{\"@type\":\"EntryPoint\",\"urlTemplate\":\"https:\/\/rangelproducoes.com\/blog\/?s={search_term_string}\"},\"query-input\":{\"@type\":\"PropertyValueSpecification\",\"valueRequired\":true,\"valueName\":\"search_term_string\"}}],\"inLanguage\":\"pt-BR\"},{\"@type\":\"Organization\",\"@id\":\"https:\/\/rangelproducoes.com\/blog\/#organization\",\"name\":\"Blog Rangel Produ\u00e7\u00f5es\",\"url\":\"https:\/\/rangelproducoes.com\/blog\/\",\"logo\":{\"@type\":\"ImageObject\",\"inLanguage\":\"pt-BR\",\"@id\":\"https:\/\/rangelproducoes.com\/blog\/#\/schema\/logo\/image\/\",\"url\":\"https:\/\/rangelproducoes.com\/blog\/wp-content\/uploads\/2021\/11\/cropped-logo_para_fundo_escuro.png\",\"contentUrl\":\"https:\/\/rangelproducoes.com\/blog\/wp-content\/uploads\/2021\/11\/cropped-logo_para_fundo_escuro.png\",\"width\":223,\"height\":80,\"caption\":\"Blog Rangel Produ\u00e7\u00f5es\"},\"image\":{\"@id\":\"https:\/\/rangelproducoes.com\/blog\/#\/schema\/logo\/image\/\"}}]}<\/script>\n<!-- \/ Yoast SEO plugin. -->","yoast_head_json":{"title":"Escolas Particulares - Blog Rangel Produ\u00e7\u00f5es","description":"Se voc\u00ea est\u00e1 procurando um programa para gerenciar a sua Escola, n\u00f3s temos a solu\u00e7\u00e3o ideal para seu neg\u00f3cio.","robots":{"index":"index","follow":"follow","max-snippet":"max-snippet:-1","max-image-preview":"max-image-preview:large","max-video-preview":"max-video-preview:-1"},"canonical":"https:\/\/rangelproducoes.com\/blog\/escolas-particulares\/","og_locale":"pt_BR","og_type":"article","og_title":"Escolas Particulares - Blog Rangel Produ\u00e7\u00f5es","og_description":"Se voc\u00ea est\u00e1 procurando um programa para gerenciar a sua Escola, n\u00f3s temos a solu\u00e7\u00e3o ideal para seu neg\u00f3cio.","og_url":"https:\/\/rangelproducoes.com\/blog\/escolas-particulares\/","og_site_name":"Blog Rangel Produ\u00e7\u00f5es","article_modified_time":"2022-02-08T13:06:36+00:00","twitter_card":"summary_large_image","twitter_misc":{"Est. tempo de leitura":"9 minutos"},"schema":{"@context":"https:\/\/schema.org","@graph":[{"@type":"WebPage","@id":"https:\/\/rangelproducoes.com\/blog\/escolas-particulares\/","url":"https:\/\/rangelproducoes.com\/blog\/escolas-particulares\/","name":"Escolas Particulares - Blog Rangel Produ\u00e7\u00f5es","isPartOf":{"@id":"https:\/\/rangelproducoes.com\/blog\/#website"},"datePublished":"2021-11-16T11:15:53+00:00","dateModified":"2022-02-08T13:06:36+00:00","description":"Se voc\u00ea est\u00e1 procurando um programa para gerenciar a sua Escola, n\u00f3s temos a solu\u00e7\u00e3o ideal para seu neg\u00f3cio.","breadcrumb":{"@id":"https:\/\/rangelproducoes.com\/blog\/escolas-particulares\/#breadcrumb"},"inLanguage":"pt-BR","potentialAction":[{"@type":"ReadAction","target":["https:\/\/rangelproducoes.com\/blog\/escolas-particulares\/"]}]},{"@type":"BreadcrumbList","@id":"https:\/\/rangelproducoes.com\/blog\/escolas-particulares\/#breadcrumb","itemListElement":[{"@type":"ListItem","position":1,"name":"In\u00edcio","item":"https:\/\/rangelproducoes.com\/blog\/"},{"@type":"ListItem","position":2,"name":"Escolas Particulares"}]},{"@type":"WebSite","@id":"https:\/\/rangelproducoes.com\/blog\/#website","url":"https:\/\/rangelproducoes.com\/blog\/","name":"Blog Rangel Produ\u00e7\u00f5es","description":"","publisher":{"@id":"https:\/\/rangelproducoes.com\/blog\/#organization"},"potentialAction":[{"@type":"SearchAction","target":{"@type":"EntryPoint","urlTemplate":"https:\/\/rangelproducoes.com\/blog\/?s={search_term_string}"},"query-input":{"@type":"PropertyValueSpecification","valueRequired":true,"valueName":"search_term_string"}}],"inLanguage":"pt-BR"},{"@type":"Organization","@id":"https:\/\/rangelproducoes.com\/blog\/#organization","name":"Blog Rangel Produ\u00e7\u00f5es","url":"https:\/\/rangelproducoes.com\/blog\/","logo":{"@type":"ImageObject","inLanguage":"pt-BR","@id":"https:\/\/rangelproducoes.com\/blog\/#\/schema\/logo\/image\/","url":"https:\/\/rangelproducoes.com\/blog\/wp-content\/uploads\/2021\/11\/cropped-logo_para_fundo_escuro.png","contentUrl":"https:\/\/rangelproducoes.com\/blog\/wp-content\/uploads\/2021\/11\/cropped-logo_para_fundo_escuro.png","width":223,"height":80,"caption":"Blog Rangel Produ\u00e7\u00f5es"},"image":{"@id":"https:\/\/rangelproducoes.com\/blog\/#\/schema\/logo\/image\/"}}]}},"_links":{"self":[{"href":"https:\/\/rangelproducoes.com\/blog\/wp-json\/wp\/v2\/pages\/101","targetHints":{"allow":["GET"]}}],"collection":[{"href":"https:\/\/rangelproducoes.com\/blog\/wp-json\/wp\/v2\/pages"}],"about":[{"href":"https:\/\/rangelproducoes.com\/blog\/wp-json\/wp\/v2\/types\/page"}],"author":[{"embeddable":true,"href":"https:\/\/rangelproducoes.com\/blog\/wp-json\/wp\/v2\/users\/1"}],"replies":[{"embeddable":true,"href":"https:\/\/rangelproducoes.com\/blog\/wp-json\/wp\/v2\/comments?post=101"}],"version-history":[{"count":3,"href":"https:\/\/rangelproducoes.com\/blog\/wp-json\/wp\/v2\/pages\/101\/revisions"}],"predecessor-version":[{"id":479,"href":"https:\/\/rangelproducoes.com\/blog\/wp-json\/wp\/v2\/pages\/101\/revisions\/479"}],"wp:attachment":[{"href":"https:\/\/rangelproducoes.com\/blog\/wp-json\/wp\/v2\/media?parent=101"}],"curies":[{"name":"wp","href":"https:\/\/api.w.org\/{rel}","templated":true}]}}