{"id":108,"date":"2021-11-16T11:15:53","date_gmt":"2021-11-16T11:15:53","guid":{"rendered":"https:\/\/rangelproducoes.com\/blog\/?page_id=108"},"modified":"2022-02-08T13:36:42","modified_gmt":"2022-02-08T13:36:42","slug":"escritorios-de-contabilidade","status":"publish","type":"page","link":"https:\/\/rangelproducoes.com\/blog\/escritorios-de-contabilidade\/","title":{"rendered":"Escrit\u00f3rios de Contabilidade"},"content":{"rendered":"\n<p>Se voc\u00ea possui um escrit\u00f3rio de contabilidade e est\u00e1 procurando sistemas para controle dos valores recebidos, ou quer sistemas para indicar aos seus clientes, para facilitar o lan\u00e7amentos de todos os gastos, n\u00f3s demos algumas dicas muito \u00fateis para voc\u00ea.<\/p>\n\n\n\n<h4 class=\"wp-block-heading\" id=\"rp-controle-financeiro-1-5\">RP Controle Financeiro&nbsp;<small>1.5<\/small><\/h4>\n\n\n\n<p>O RP Controle Financeiro \u00e9 um software para controlar e automatizar os processos financeiros dentro de um empresa ou mesmo para controle pessoal, \u00e9 muito f\u00e1cil utiliz\u00e1-lo, al\u00e9m de ser completo e ter muitas ferramentas, o programa \u00e9 tao bonito quanto funcional.<\/p>\n\n\n\n<p><a href=\"http:\/\/rangelproducoes.com\/?pagina=softwares\/rpcontrolefinanceiro\/1.5\/\">Mais Detalhes<\/a>&nbsp;<a href=\"http:\/\/rangelproducoes.com\/?pagina=softwares\/rpcontrolefinanceiro\/1.5\/registrar\">Registrar<\/a><a href=\"http:\/\/rangelproducoes.com\/?pagina=softwares\/rpcontroleescolar\/1.5\/\"><\/a><\/p>\n\n\n\n<h4 class=\"wp-block-heading\" id=\"comercio-inteligente-2-0\">Com\u00e9rcio Inteligente&nbsp;<small>2.0<\/small><\/h4>\n\n\n\n<p>O Com\u00e9rcio Inteligente \u00e9 voltado para todos os tipos de estabelecimentos como mercados, constru\u00e7\u00e3o civil, lojas em geral, oficinas, padarias, lanchonetes, restaurantes, profissionais aut\u00f4nomos, etc. Ele possui o controle financeiro, controle de produtos e estoque, possibilitando a venda dos seus produtos ou servi\u00e7os, um software completo.<\/p>\n\n\n\n<p><a href=\"http:\/\/rangelproducoes.com\/?pagina=softwares\/comerciointeligente\/2.0\/\">Mais Detalhes<\/a>&nbsp;<a href=\"http:\/\/rangelproducoes.com\/?pagina=softwares\/comerciointeligente\/2.0\/registrar\">Registrar<\/a><\/p>\n\n\n\n<h4 class=\"wp-block-heading\" id=\"rp-controle-de-comandas-1-5\">RP Controle de Comandas&nbsp;<small>1.5<\/small><\/h4>\n\n\n\n<p>O RP Controle de Comandas \u00e9 um programa voltado para o atendimento em restaurantes, pizzarias, lanchonetes, bares, e outros que utilizam Comandas para atendimento, al\u00e9m de fazer todo controle financeiro da empresa.<\/p>\n\n\n\n<p><a href=\"http:\/\/rangelproducoes.com\/?pagina=softwares\/rpcontroledecomandas\/1.5\/\">Mais Detalhes<\/a>&nbsp;<a href=\"http:\/\/rangelproducoes.com\/?pagina=softwares\/rpcontroledecomandas\/1.5\/registrar\">Registrar<\/a><a href=\"http:\/\/rangelproducoes.com\/?pagina=softwares\/rphotelfacil\/1.5\/\"><\/a><\/p>\n\n\n\n<p><a href=\"http:\/\/rangelproducoes.com\/?pagina=softwares\/rpcontroledecomandas\/1.5\/\"><\/a><\/p>\n","protected":false},"excerpt":{"rendered":"<p>Se voc\u00ea possui um escrit\u00f3rio de contabilidade e est\u00e1 procurando sistemas para controle dos valores recebidos, ou quer sistemas para indicar aos seus clientes, para [&hellip;]<\/p>\n","protected":false},"author":1,"featured_media":0,"parent":0,"menu_order":0,"comment_status":"closed","ping_status":"closed","template":"","meta":{"footnotes":""},"class_list":["post-108","page","type-page","status-publish","hentry"],"yoast_head":"<!-- This site is optimized with the Yoast SEO plugin v26.9 - https:\/\/yoast.com\/product\/yoast-seo-wordpress\/ -->\n<title>Escrit\u00f3rios de Contabilidade - Blog Rangel Produ\u00e7\u00f5es<\/title>\n<meta name=\"description\" content=\"Se voc\u00ea possui um escrit\u00f3rio de contabilidade e est\u00e1 procurando sistemas para controle dos valores recebidos, ou quer sistemas para indicar aos seus clientes, para facilitar o lan\u00e7amentos de todos os gastos, n\u00f3s demos algumas dicas muito \u00fateis para voc\u00ea.\" \/>\n<meta name=\"robots\" content=\"index, follow, max-snippet:-1, max-image-preview:large, max-video-preview:-1\" \/>\n<link rel=\"canonical\" href=\"https:\/\/rangelproducoes.com\/blog\/escritorios-de-contabilidade\/\" \/>\n<meta property=\"og:locale\" content=\"pt_BR\" \/>\n<meta property=\"og:type\" content=\"article\" \/>\n<meta property=\"og:title\" content=\"Escrit\u00f3rios de Contabilidade - Blog Rangel Produ\u00e7\u00f5es\" \/>\n<meta property=\"og:description\" content=\"Se voc\u00ea possui um escrit\u00f3rio de contabilidade e est\u00e1 procurando sistemas para controle dos valores recebidos, ou quer sistemas para indicar aos seus clientes, para facilitar o lan\u00e7amentos de todos os gastos, n\u00f3s demos algumas dicas muito \u00fateis para voc\u00ea.\" \/>\n<meta property=\"og:url\" content=\"https:\/\/rangelproducoes.com\/blog\/escritorios-de-contabilidade\/\" \/>\n<meta property=\"og:site_name\" content=\"Blog Rangel Produ\u00e7\u00f5es\" \/>\n<meta property=\"article:modified_time\" content=\"2022-02-08T13:36:42+00:00\" \/>\n<meta name=\"twitter:card\" content=\"summary_large_image\" \/>\n<meta name=\"twitter:label1\" content=\"Est. tempo de leitura\" \/>\n\t<meta name=\"twitter:data1\" content=\"2 minutos\" \/>\n<script type=\"application\/ld+json\" class=\"yoast-schema-graph\">{\"@context\":\"https:\/\/schema.org\",\"@graph\":[{\"@type\":\"WebPage\",\"@id\":\"https:\/\/rangelproducoes.com\/blog\/escritorios-de-contabilidade\/\",\"url\":\"https:\/\/rangelproducoes.com\/blog\/escritorios-de-contabilidade\/\",\"name\":\"Escrit\u00f3rios de Contabilidade - Blog Rangel Produ\u00e7\u00f5es\",\"isPartOf\":{\"@id\":\"https:\/\/rangelproducoes.com\/blog\/#website\"},\"datePublished\":\"2021-11-16T11:15:53+00:00\",\"dateModified\":\"2022-02-08T13:36:42+00:00\",\"description\":\"Se voc\u00ea possui um escrit\u00f3rio de contabilidade e est\u00e1 procurando sistemas para controle dos valores recebidos, ou quer sistemas para indicar aos seus clientes, para facilitar o lan\u00e7amentos de todos os gastos, n\u00f3s demos algumas dicas muito \u00fateis para voc\u00ea.\",\"breadcrumb\":{\"@id\":\"https:\/\/rangelproducoes.com\/blog\/escritorios-de-contabilidade\/#breadcrumb\"},\"inLanguage\":\"pt-BR\",\"potentialAction\":[{\"@type\":\"ReadAction\",\"target\":[\"https:\/\/rangelproducoes.com\/blog\/escritorios-de-contabilidade\/\"]}]},{\"@type\":\"BreadcrumbList\",\"@id\":\"https:\/\/rangelproducoes.com\/blog\/escritorios-de-contabilidade\/#breadcrumb\",\"itemListElement\":[{\"@type\":\"ListItem\",\"position\":1,\"name\":\"In\u00edcio\",\"item\":\"https:\/\/rangelproducoes.com\/blog\/\"},{\"@type\":\"ListItem\",\"position\":2,\"name\":\"Escrit\u00f3rios de Contabilidade\"}]},{\"@type\":\"WebSite\",\"@id\":\"https:\/\/rangelproducoes.com\/blog\/#website\",\"url\":\"https:\/\/rangelproducoes.com\/blog\/\",\"name\":\"Blog Rangel Produ\u00e7\u00f5es\",\"description\":\"\",\"publisher\":{\"@id\":\"https:\/\/rangelproducoes.com\/blog\/#organization\"},\"potentialAction\":[{\"@type\":\"SearchAction\",\"target\":{\"@type\":\"EntryPoint\",\"urlTemplate\":\"https:\/\/rangelproducoes.com\/blog\/?s={search_term_string}\"},\"query-input\":{\"@type\":\"PropertyValueSpecification\",\"valueRequired\":true,\"valueName\":\"search_term_string\"}}],\"inLanguage\":\"pt-BR\"},{\"@type\":\"Organization\",\"@id\":\"https:\/\/rangelproducoes.com\/blog\/#organization\",\"name\":\"Blog Rangel Produ\u00e7\u00f5es\",\"url\":\"https:\/\/rangelproducoes.com\/blog\/\",\"logo\":{\"@type\":\"ImageObject\",\"inLanguage\":\"pt-BR\",\"@id\":\"https:\/\/rangelproducoes.com\/blog\/#\/schema\/logo\/image\/\",\"url\":\"https:\/\/rangelproducoes.com\/blog\/wp-content\/uploads\/2021\/11\/cropped-logo_para_fundo_escuro.png\",\"contentUrl\":\"https:\/\/rangelproducoes.com\/blog\/wp-content\/uploads\/2021\/11\/cropped-logo_para_fundo_escuro.png\",\"width\":223,\"height\":80,\"caption\":\"Blog Rangel Produ\u00e7\u00f5es\"},\"image\":{\"@id\":\"https:\/\/rangelproducoes.com\/blog\/#\/schema\/logo\/image\/\"}}]}<\/script>\n<!-- \/ Yoast SEO plugin. -->","yoast_head_json":{"title":"Escrit\u00f3rios de Contabilidade - Blog Rangel Produ\u00e7\u00f5es","description":"Se voc\u00ea possui um escrit\u00f3rio de contabilidade e est\u00e1 procurando sistemas para controle dos valores recebidos, ou quer sistemas para indicar aos seus clientes, para facilitar o lan\u00e7amentos de todos os gastos, n\u00f3s demos algumas dicas muito \u00fateis para voc\u00ea.","robots":{"index":"index","follow":"follow","max-snippet":"max-snippet:-1","max-image-preview":"max-image-preview:large","max-video-preview":"max-video-preview:-1"},"canonical":"https:\/\/rangelproducoes.com\/blog\/escritorios-de-contabilidade\/","og_locale":"pt_BR","og_type":"article","og_title":"Escrit\u00f3rios de Contabilidade - Blog Rangel Produ\u00e7\u00f5es","og_description":"Se voc\u00ea possui um escrit\u00f3rio de contabilidade e est\u00e1 procurando sistemas para controle dos valores recebidos, ou quer sistemas para indicar aos seus clientes, para facilitar o lan\u00e7amentos de todos os gastos, n\u00f3s demos algumas dicas muito \u00fateis para voc\u00ea.","og_url":"https:\/\/rangelproducoes.com\/blog\/escritorios-de-contabilidade\/","og_site_name":"Blog Rangel Produ\u00e7\u00f5es","article_modified_time":"2022-02-08T13:36:42+00:00","twitter_card":"summary_large_image","twitter_misc":{"Est. tempo de leitura":"2 minutos"},"schema":{"@context":"https:\/\/schema.org","@graph":[{"@type":"WebPage","@id":"https:\/\/rangelproducoes.com\/blog\/escritorios-de-contabilidade\/","url":"https:\/\/rangelproducoes.com\/blog\/escritorios-de-contabilidade\/","name":"Escrit\u00f3rios de Contabilidade - Blog Rangel Produ\u00e7\u00f5es","isPartOf":{"@id":"https:\/\/rangelproducoes.com\/blog\/#website"},"datePublished":"2021-11-16T11:15:53+00:00","dateModified":"2022-02-08T13:36:42+00:00","description":"Se voc\u00ea possui um escrit\u00f3rio de contabilidade e est\u00e1 procurando sistemas para controle dos valores recebidos, ou quer sistemas para indicar aos seus clientes, para facilitar o lan\u00e7amentos de todos os gastos, n\u00f3s demos algumas dicas muito \u00fateis para voc\u00ea.","breadcrumb":{"@id":"https:\/\/rangelproducoes.com\/blog\/escritorios-de-contabilidade\/#breadcrumb"},"inLanguage":"pt-BR","potentialAction":[{"@type":"ReadAction","target":["https:\/\/rangelproducoes.com\/blog\/escritorios-de-contabilidade\/"]}]},{"@type":"BreadcrumbList","@id":"https:\/\/rangelproducoes.com\/blog\/escritorios-de-contabilidade\/#breadcrumb","itemListElement":[{"@type":"ListItem","position":1,"name":"In\u00edcio","item":"https:\/\/rangelproducoes.com\/blog\/"},{"@type":"ListItem","position":2,"name":"Escrit\u00f3rios de Contabilidade"}]},{"@type":"WebSite","@id":"https:\/\/rangelproducoes.com\/blog\/#website","url":"https:\/\/rangelproducoes.com\/blog\/","name":"Blog Rangel Produ\u00e7\u00f5es","description":"","publisher":{"@id":"https:\/\/rangelproducoes.com\/blog\/#organization"},"potentialAction":[{"@type":"SearchAction","target":{"@type":"EntryPoint","urlTemplate":"https:\/\/rangelproducoes.com\/blog\/?s={search_term_string}"},"query-input":{"@type":"PropertyValueSpecification","valueRequired":true,"valueName":"search_term_string"}}],"inLanguage":"pt-BR"},{"@type":"Organization","@id":"https:\/\/rangelproducoes.com\/blog\/#organization","name":"Blog Rangel Produ\u00e7\u00f5es","url":"https:\/\/rangelproducoes.com\/blog\/","logo":{"@type":"ImageObject","inLanguage":"pt-BR","@id":"https:\/\/rangelproducoes.com\/blog\/#\/schema\/logo\/image\/","url":"https:\/\/rangelproducoes.com\/blog\/wp-content\/uploads\/2021\/11\/cropped-logo_para_fundo_escuro.png","contentUrl":"https:\/\/rangelproducoes.com\/blog\/wp-content\/uploads\/2021\/11\/cropped-logo_para_fundo_escuro.png","width":223,"height":80,"caption":"Blog Rangel Produ\u00e7\u00f5es"},"image":{"@id":"https:\/\/rangelproducoes.com\/blog\/#\/schema\/logo\/image\/"}}]}},"_links":{"self":[{"href":"https:\/\/rangelproducoes.com\/blog\/wp-json\/wp\/v2\/pages\/108","targetHints":{"allow":["GET"]}}],"collection":[{"href":"https:\/\/rangelproducoes.com\/blog\/wp-json\/wp\/v2\/pages"}],"about":[{"href":"https:\/\/rangelproducoes.com\/blog\/wp-json\/wp\/v2\/types\/page"}],"author":[{"embeddable":true,"href":"https:\/\/rangelproducoes.com\/blog\/wp-json\/wp\/v2\/users\/1"}],"replies":[{"embeddable":true,"href":"https:\/\/rangelproducoes.com\/blog\/wp-json\/wp\/v2\/comments?post=108"}],"version-history":[{"count":3,"href":"https:\/\/rangelproducoes.com\/blog\/wp-json\/wp\/v2\/pages\/108\/revisions"}],"predecessor-version":[{"id":481,"href":"https:\/\/rangelproducoes.com\/blog\/wp-json\/wp\/v2\/pages\/108\/revisions\/481"}],"wp:attachment":[{"href":"https:\/\/rangelproducoes.com\/blog\/wp-json\/wp\/v2\/media?parent=108"}],"curies":[{"name":"wp","href":"https:\/\/api.w.org\/{rel}","templated":true}]}}