{"id":47,"date":"2021-11-16T01:28:36","date_gmt":"2021-11-16T01:28:36","guid":{"rendered":"https:\/\/rangelproducoes.com\/blog\/?page_id=47"},"modified":"2021-11-16T20:02:44","modified_gmt":"2021-11-16T20:02:44","slug":"revendedores","status":"publish","type":"page","link":"https:\/\/rangelproducoes.com\/blog\/","title":{"rendered":"Revendedores"},"content":{"rendered":"\n<h1 class=\"wp-block-heading\">Afilie-se e lucre!<\/h1>\n\n\n\n<p>Ap\u00f3s se afiliar, voc\u00ea receber\u00e1 um link de afiliado e poder\u00e1 ganhar dinheiro vendendo estes produtos pela internet!<\/p>\n\n\n\n<h3 class=\"wp-block-heading\">Se tornar revendedor do RP Controle de Comandas<\/h3>\n\n\n\n<p>O RP Controle de Comandas \u00e9 um programa voltado para o atendimento em restaurantes, pizzarias, lanchonetes, bares, e outros que utilizam Comandas para atendimento, al\u00e9m de fazer todo controle financeiro da empresa.<\/p>\n\n\n\n<div class=\"wp-block-buttons is-layout-flex wp-block-buttons-is-layout-flex\">\n<div class=\"wp-block-button\"><a class=\"wp-block-button__link\" href=\"https:\/\/app-vlc.hotmart.com\/affiliate-recruiting\/view\/9219R62213895\">Afiliar-se<\/a><\/div>\n<\/div>\n\n\n\n<h3 class=\"wp-block-heading\"> Se tornar revendedor do RP Controle Escolar<\/h3>\n\n\n\n<p>O RP Controle Escolar \u00e9 um software completo para gest\u00e3o escolar, emitindo automaticamente boletins, certificados, hist\u00f3ricos escolares, fichas de transfer\u00eancia, fichas de matr\u00edcula, di\u00e1rios de classe, quadro de hor\u00e1rios, declara\u00e7\u00f5es, planejamentos de aula, provas, entre muitos outros documentos, al\u00e9m de possuir um aplicativo auxiliar voltado para o professor.<\/p>\n\n\n\n<div class=\"wp-block-buttons is-layout-flex wp-block-buttons-is-layout-flex\">\n<div class=\"wp-block-button\"><a class=\"wp-block-button__link\" href=\"https:\/\/app-vlc.hotmart.com\/affiliate-recruiting\/view\/9068R62439465\">Afiliar-se<\/a><\/div>\n<\/div>\n\n\n\n<h3 class=\"wp-block-heading\"> Se tornar revendedor do Com\u00e9rcio Inteligente<\/h3>\n\n\n\n<p>O Com\u00e9rcio Inteligente \u00e9 voltado para todos os tipos de estabelecimentos como mercados, constru\u00e7\u00e3o civil, lojas em geral, oficinas, padarias, lanchonetes, restaurantes, profissionais aut\u00f4nomos, etc. Ele possui o controle financeiro, controle de produtos e estoque, possibilitando a venda dos seus produtos ou servi\u00e7os, um software completo.<\/p>\n\n\n\n<div class=\"wp-block-buttons is-layout-flex wp-block-buttons-is-layout-flex\">\n<div class=\"wp-block-button\"><a class=\"wp-block-button__link\" href=\"https:\/\/app-vlc.hotmart.com\/affiliate-recruiting\/view\/8642C62435864\">Afiliar-se<\/a><\/div>\n<\/div>\n\n\n\n<p>Qualquer d\u00favida poder\u00e1 entrar em contato pelo WhatsApp: 61 999226681<\/p>\n","protected":false},"excerpt":{"rendered":"<p>Afilie-se e lucre! Ap\u00f3s se afiliar, voc\u00ea receber\u00e1 um link de afiliado e poder\u00e1 ganhar dinheiro vendendo estes produtos pela internet! Se tornar revendedor do [&hellip;]<\/p>\n","protected":false},"author":1,"featured_media":0,"parent":0,"menu_order":0,"comment_status":"closed","ping_status":"closed","template":"","meta":{"footnotes":""},"class_list":["post-47","page","type-page","status-publish","hentry"],"yoast_head":"<!-- This site is optimized with the Yoast SEO plugin v26.9 - https:\/\/yoast.com\/product\/yoast-seo-wordpress\/ -->\n<title>Revendedores - Blog Rangel Produ\u00e7\u00f5es<\/title>\n<meta name=\"robots\" content=\"index, follow, max-snippet:-1, max-image-preview:large, max-video-preview:-1\" \/>\n<link rel=\"canonical\" href=\"https:\/\/rangelproducoes.com\/blog\/\" \/>\n<meta property=\"og:locale\" content=\"pt_BR\" \/>\n<meta property=\"og:type\" content=\"article\" \/>\n<meta property=\"og:title\" content=\"Revendedores - Blog Rangel Produ\u00e7\u00f5es\" \/>\n<meta property=\"og:description\" content=\"Afilie-se e lucre! Ap\u00f3s se afiliar, voc\u00ea receber\u00e1 um link de afiliado e poder\u00e1 ganhar dinheiro vendendo estes produtos pela internet! Se tornar revendedor do [&hellip;]\" \/>\n<meta property=\"og:url\" content=\"https:\/\/rangelproducoes.com\/blog\/\" \/>\n<meta property=\"og:site_name\" content=\"Blog Rangel Produ\u00e7\u00f5es\" \/>\n<meta property=\"article:modified_time\" content=\"2021-11-16T20:02:44+00:00\" \/>\n<meta name=\"twitter:card\" content=\"summary_large_image\" \/>\n<meta name=\"twitter:label1\" content=\"Est. tempo de leitura\" \/>\n\t<meta name=\"twitter:data1\" content=\"1 minuto\" \/>\n<script type=\"application\/ld+json\" class=\"yoast-schema-graph\">{\"@context\":\"https:\/\/schema.org\",\"@graph\":[{\"@type\":\"WebPage\",\"@id\":\"https:\/\/rangelproducoes.com\/blog\/\",\"url\":\"https:\/\/rangelproducoes.com\/blog\/\",\"name\":\"Revendedores - Blog Rangel Produ\u00e7\u00f5es\",\"isPartOf\":{\"@id\":\"https:\/\/rangelproducoes.com\/blog\/#website\"},\"datePublished\":\"2021-11-16T01:28:36+00:00\",\"dateModified\":\"2021-11-16T20:02:44+00:00\",\"breadcrumb\":{\"@id\":\"https:\/\/rangelproducoes.com\/blog\/#breadcrumb\"},\"inLanguage\":\"pt-BR\",\"potentialAction\":[{\"@type\":\"ReadAction\",\"target\":[\"https:\/\/rangelproducoes.com\/blog\/\"]}]},{\"@type\":\"BreadcrumbList\",\"@id\":\"https:\/\/rangelproducoes.com\/blog\/#breadcrumb\",\"itemListElement\":[{\"@type\":\"ListItem\",\"position\":1,\"name\":\"In\u00edcio\",\"item\":\"https:\/\/rangelproducoes.com\/blog\/\"},{\"@type\":\"ListItem\",\"position\":2,\"name\":\"Revendedores\"}]},{\"@type\":\"WebSite\",\"@id\":\"https:\/\/rangelproducoes.com\/blog\/#website\",\"url\":\"https:\/\/rangelproducoes.com\/blog\/\",\"name\":\"Blog Rangel Produ\u00e7\u00f5es\",\"description\":\"\",\"publisher\":{\"@id\":\"https:\/\/rangelproducoes.com\/blog\/#organization\"},\"potentialAction\":[{\"@type\":\"SearchAction\",\"target\":{\"@type\":\"EntryPoint\",\"urlTemplate\":\"https:\/\/rangelproducoes.com\/blog\/?s={search_term_string}\"},\"query-input\":{\"@type\":\"PropertyValueSpecification\",\"valueRequired\":true,\"valueName\":\"search_term_string\"}}],\"inLanguage\":\"pt-BR\"},{\"@type\":\"Organization\",\"@id\":\"https:\/\/rangelproducoes.com\/blog\/#organization\",\"name\":\"Blog Rangel Produ\u00e7\u00f5es\",\"url\":\"https:\/\/rangelproducoes.com\/blog\/\",\"logo\":{\"@type\":\"ImageObject\",\"inLanguage\":\"pt-BR\",\"@id\":\"https:\/\/rangelproducoes.com\/blog\/#\/schema\/logo\/image\/\",\"url\":\"https:\/\/rangelproducoes.com\/blog\/wp-content\/uploads\/2021\/11\/cropped-logo_para_fundo_escuro.png\",\"contentUrl\":\"https:\/\/rangelproducoes.com\/blog\/wp-content\/uploads\/2021\/11\/cropped-logo_para_fundo_escuro.png\",\"width\":223,\"height\":80,\"caption\":\"Blog Rangel Produ\u00e7\u00f5es\"},\"image\":{\"@id\":\"https:\/\/rangelproducoes.com\/blog\/#\/schema\/logo\/image\/\"}}]}<\/script>\n<!-- \/ Yoast SEO plugin. -->","yoast_head_json":{"title":"Revendedores - Blog Rangel Produ\u00e7\u00f5es","robots":{"index":"index","follow":"follow","max-snippet":"max-snippet:-1","max-image-preview":"max-image-preview:large","max-video-preview":"max-video-preview:-1"},"canonical":"https:\/\/rangelproducoes.com\/blog\/","og_locale":"pt_BR","og_type":"article","og_title":"Revendedores - Blog Rangel Produ\u00e7\u00f5es","og_description":"Afilie-se e lucre! Ap\u00f3s se afiliar, voc\u00ea receber\u00e1 um link de afiliado e poder\u00e1 ganhar dinheiro vendendo estes produtos pela internet! Se tornar revendedor do [&hellip;]","og_url":"https:\/\/rangelproducoes.com\/blog\/","og_site_name":"Blog Rangel Produ\u00e7\u00f5es","article_modified_time":"2021-11-16T20:02:44+00:00","twitter_card":"summary_large_image","twitter_misc":{"Est. tempo de leitura":"1 minuto"},"schema":{"@context":"https:\/\/schema.org","@graph":[{"@type":"WebPage","@id":"https:\/\/rangelproducoes.com\/blog\/","url":"https:\/\/rangelproducoes.com\/blog\/","name":"Revendedores - Blog Rangel Produ\u00e7\u00f5es","isPartOf":{"@id":"https:\/\/rangelproducoes.com\/blog\/#website"},"datePublished":"2021-11-16T01:28:36+00:00","dateModified":"2021-11-16T20:02:44+00:00","breadcrumb":{"@id":"https:\/\/rangelproducoes.com\/blog\/#breadcrumb"},"inLanguage":"pt-BR","potentialAction":[{"@type":"ReadAction","target":["https:\/\/rangelproducoes.com\/blog\/"]}]},{"@type":"BreadcrumbList","@id":"https:\/\/rangelproducoes.com\/blog\/#breadcrumb","itemListElement":[{"@type":"ListItem","position":1,"name":"In\u00edcio","item":"https:\/\/rangelproducoes.com\/blog\/"},{"@type":"ListItem","position":2,"name":"Revendedores"}]},{"@type":"WebSite","@id":"https:\/\/rangelproducoes.com\/blog\/#website","url":"https:\/\/rangelproducoes.com\/blog\/","name":"Blog Rangel Produ\u00e7\u00f5es","description":"","publisher":{"@id":"https:\/\/rangelproducoes.com\/blog\/#organization"},"potentialAction":[{"@type":"SearchAction","target":{"@type":"EntryPoint","urlTemplate":"https:\/\/rangelproducoes.com\/blog\/?s={search_term_string}"},"query-input":{"@type":"PropertyValueSpecification","valueRequired":true,"valueName":"search_term_string"}}],"inLanguage":"pt-BR"},{"@type":"Organization","@id":"https:\/\/rangelproducoes.com\/blog\/#organization","name":"Blog Rangel Produ\u00e7\u00f5es","url":"https:\/\/rangelproducoes.com\/blog\/","logo":{"@type":"ImageObject","inLanguage":"pt-BR","@id":"https:\/\/rangelproducoes.com\/blog\/#\/schema\/logo\/image\/","url":"https:\/\/rangelproducoes.com\/blog\/wp-content\/uploads\/2021\/11\/cropped-logo_para_fundo_escuro.png","contentUrl":"https:\/\/rangelproducoes.com\/blog\/wp-content\/uploads\/2021\/11\/cropped-logo_para_fundo_escuro.png","width":223,"height":80,"caption":"Blog Rangel Produ\u00e7\u00f5es"},"image":{"@id":"https:\/\/rangelproducoes.com\/blog\/#\/schema\/logo\/image\/"}}]}},"_links":{"self":[{"href":"https:\/\/rangelproducoes.com\/blog\/wp-json\/wp\/v2\/pages\/47","targetHints":{"allow":["GET"]}}],"collection":[{"href":"https:\/\/rangelproducoes.com\/blog\/wp-json\/wp\/v2\/pages"}],"about":[{"href":"https:\/\/rangelproducoes.com\/blog\/wp-json\/wp\/v2\/types\/page"}],"author":[{"embeddable":true,"href":"https:\/\/rangelproducoes.com\/blog\/wp-json\/wp\/v2\/users\/1"}],"replies":[{"embeddable":true,"href":"https:\/\/rangelproducoes.com\/blog\/wp-json\/wp\/v2\/comments?post=47"}],"version-history":[{"count":5,"href":"https:\/\/rangelproducoes.com\/blog\/wp-json\/wp\/v2\/pages\/47\/revisions"}],"predecessor-version":[{"id":347,"href":"https:\/\/rangelproducoes.com\/blog\/wp-json\/wp\/v2\/pages\/47\/revisions\/347"}],"wp:attachment":[{"href":"https:\/\/rangelproducoes.com\/blog\/wp-json\/wp\/v2\/media?parent=47"}],"curies":[{"name":"wp","href":"https:\/\/api.w.org\/{rel}","templated":true}]}}