{"id":67,"date":"2021-11-16T11:11:54","date_gmt":"2021-11-16T11:11:54","guid":{"rendered":"https:\/\/rangelproducoes.com\/blog\/?page_id=67"},"modified":"2022-02-08T13:42:08","modified_gmt":"2022-02-08T13:42:08","slug":"lanchonetes","status":"publish","type":"page","link":"https:\/\/rangelproducoes.com\/blog\/lanchonetes\/","title":{"rendered":"Lanchonetes"},"content":{"rendered":"\n<p>Se voc\u00ea est\u00e1 procurando um programa para gerenciar a sua Lanchonete, n\u00f3s temos a solu\u00e7\u00e3o ideal para seu neg\u00f3cio.<\/p>\n\n\n\n<p>\u00c9 muito comum encontrar donos de lanchonetes, bastante movimentadas e que vendem muito bem, que se queixam de n\u00e3o saber para onde o dinheiro est\u00e1 indo e ficam com a sensa\u00e7\u00e3o de que o neg\u00f3cio rende pouco ou, at\u00e9 mesmo, nenhum lucro. Diante disso, esses mesmos empres\u00e1rios procuram maneiras de aumentar os clientes e o faturamento, \u00e0s vezes, sem se dar conta de que o que eles precisam, na verdade, \u00e9 entender melhor como administrar uma lanchonete corretamente. Saiba como administrar de forma eficiente o seu neg\u00f3cio.<\/p>\n\n\n\n<h2 class=\"wp-block-heading\" id=\"sistema-completo-para-lanchonetes\">Sistema Completo para Lanchonetes<\/h2>\n\n\n\n<p>Para este segmento de mercado indicamos o software RP Controle de Comandas, com ele voc\u00ea poder\u00e1 fazer toda a gest\u00e3o do seu neg\u00f3cio, controlar o seu estoque, registrar suas vendas, controlar suas entregas, contas a pagar e a receber, controle de produ\u00e7\u00e3o, Abertura e Fechamento do Caixa, al\u00e9m de obter v\u00e1rios relat\u00f3rios que ir\u00e3o te ajudar na tomada de decis\u00e3o do dia-a-dia.<\/p>\n\n\n\n<p>O RP Controle de Comandas conta com vers\u00e3o para computador e tamb\u00e9m para celular ou tablet, permitindo assim que os gar\u00e7ons fa\u00e7am o atendimento diretamente pelo celular, estes pedidos podem ser enviados para a cozinha, por impress\u00e3o ou tela\/monitor, onde poder\u00e1 ser preparado, trazendo agilidade e praticidade para seu atendimento, al\u00e9m de controle preciso de tudo que \u00e9 consumindo no seu estabelecimento e desempenho individual de cada funcion\u00e1rio.<\/p>\n\n\n\n<h2 class=\"wp-block-heading\" id=\"conheca-mais-sobre-o-rp-controle-de-comandas\">Conhe\u00e7a mais sobre o RP Controle de Comandas<\/h2>\n\n\n\n<p>O RP Controle de Comandas \u00e9 um programa que pode ser baixado e instalado no seu computador, e acessado pelo computador ou celular\/tablet.<\/p>\n\n\n\n<figure class=\"wp-block-embed aligncenter is-type-video is-provider-youtube wp-block-embed-youtube wp-embed-aspect-16-9 wp-has-aspect-ratio\"><div class=\"wp-block-embed__wrapper\">\n<iframe title=\"RP Controle de Comandas 1.5\" width=\"640\" height=\"360\" src=\"https:\/\/www.youtube.com\/embed\/videoseries?list=PLqoJ1NPG6mq9bj63kySfIp28MGsT54DaS\" frameborder=\"0\" allow=\"accelerometer; autoplay; clipboard-write; encrypted-media; gyroscope; picture-in-picture; web-share\" referrerpolicy=\"strict-origin-when-cross-origin\" allowfullscreen><\/iframe>\n<\/div><figcaption>Lista completa de todas as fun\u00e7\u00f5es presentes no RP Controle de Comandas.<\/figcaption><\/figure>\n\n\n\n<div class=\"wp-block-buttons is-layout-flex wp-block-buttons-is-layout-flex\">\n<div class=\"wp-block-button\"><a class=\"wp-block-button__link has-white-color has-vivid-green-cyan-background-color has-text-color has-background\" href=\"http:\/\/rangelproducoes.com\/?pagina=softwares\/rpcontroledecomandas\/1.5\/registrar\" target=\"_blank\" rel=\"noreferrer noopener\">Quero Adquirir<\/a><\/div>\n<\/div>\n","protected":false},"excerpt":{"rendered":"<p>Se voc\u00ea est\u00e1 procurando um programa para gerenciar a sua Lanchonete, n\u00f3s temos a solu\u00e7\u00e3o ideal para seu neg\u00f3cio. \u00c9 muito comum encontrar donos de [&hellip;]<\/p>\n","protected":false},"author":1,"featured_media":0,"parent":0,"menu_order":0,"comment_status":"closed","ping_status":"closed","template":"","meta":{"footnotes":""},"class_list":["post-67","page","type-page","status-publish","hentry"],"yoast_head":"<!-- This site is optimized with the Yoast SEO plugin v26.9 - https:\/\/yoast.com\/product\/yoast-seo-wordpress\/ -->\n<title>Lanchonetes - Blog Rangel Produ\u00e7\u00f5es<\/title>\n<meta name=\"description\" content=\"Se voc\u00ea est\u00e1 procurando um programa para gerenciar a sua Lanchonete, n\u00f3s temos a solu\u00e7\u00e3o ideal para seu neg\u00f3cio.\" \/>\n<meta name=\"robots\" content=\"index, follow, max-snippet:-1, max-image-preview:large, max-video-preview:-1\" \/>\n<link rel=\"canonical\" href=\"https:\/\/rangelproducoes.com\/blog\/lanchonetes\/\" \/>\n<meta property=\"og:locale\" content=\"pt_BR\" \/>\n<meta property=\"og:type\" content=\"article\" \/>\n<meta property=\"og:title\" content=\"Lanchonetes - Blog Rangel Produ\u00e7\u00f5es\" \/>\n<meta property=\"og:description\" content=\"Se voc\u00ea est\u00e1 procurando um programa para gerenciar a sua Lanchonete, n\u00f3s temos a solu\u00e7\u00e3o ideal para seu neg\u00f3cio.\" \/>\n<meta property=\"og:url\" content=\"https:\/\/rangelproducoes.com\/blog\/lanchonetes\/\" \/>\n<meta property=\"og:site_name\" content=\"Blog Rangel Produ\u00e7\u00f5es\" \/>\n<meta property=\"article:modified_time\" content=\"2022-02-08T13:42:08+00:00\" \/>\n<meta name=\"twitter:card\" content=\"summary_large_image\" \/>\n<meta name=\"twitter:label1\" content=\"Est. tempo de leitura\" \/>\n\t<meta name=\"twitter:data1\" content=\"2 minutos\" \/>\n<script type=\"application\/ld+json\" class=\"yoast-schema-graph\">{\"@context\":\"https:\/\/schema.org\",\"@graph\":[{\"@type\":\"WebPage\",\"@id\":\"https:\/\/rangelproducoes.com\/blog\/lanchonetes\/\",\"url\":\"https:\/\/rangelproducoes.com\/blog\/lanchonetes\/\",\"name\":\"Lanchonetes - Blog Rangel Produ\u00e7\u00f5es\",\"isPartOf\":{\"@id\":\"https:\/\/rangelproducoes.com\/blog\/#website\"},\"datePublished\":\"2021-11-16T11:11:54+00:00\",\"dateModified\":\"2022-02-08T13:42:08+00:00\",\"description\":\"Se voc\u00ea est\u00e1 procurando um programa para gerenciar a sua Lanchonete, n\u00f3s temos a solu\u00e7\u00e3o ideal para seu neg\u00f3cio.\",\"breadcrumb\":{\"@id\":\"https:\/\/rangelproducoes.com\/blog\/lanchonetes\/#breadcrumb\"},\"inLanguage\":\"pt-BR\",\"potentialAction\":[{\"@type\":\"ReadAction\",\"target\":[\"https:\/\/rangelproducoes.com\/blog\/lanchonetes\/\"]}]},{\"@type\":\"BreadcrumbList\",\"@id\":\"https:\/\/rangelproducoes.com\/blog\/lanchonetes\/#breadcrumb\",\"itemListElement\":[{\"@type\":\"ListItem\",\"position\":1,\"name\":\"In\u00edcio\",\"item\":\"https:\/\/rangelproducoes.com\/blog\/\"},{\"@type\":\"ListItem\",\"position\":2,\"name\":\"Lanchonetes\"}]},{\"@type\":\"WebSite\",\"@id\":\"https:\/\/rangelproducoes.com\/blog\/#website\",\"url\":\"https:\/\/rangelproducoes.com\/blog\/\",\"name\":\"Blog Rangel Produ\u00e7\u00f5es\",\"description\":\"\",\"publisher\":{\"@id\":\"https:\/\/rangelproducoes.com\/blog\/#organization\"},\"potentialAction\":[{\"@type\":\"SearchAction\",\"target\":{\"@type\":\"EntryPoint\",\"urlTemplate\":\"https:\/\/rangelproducoes.com\/blog\/?s={search_term_string}\"},\"query-input\":{\"@type\":\"PropertyValueSpecification\",\"valueRequired\":true,\"valueName\":\"search_term_string\"}}],\"inLanguage\":\"pt-BR\"},{\"@type\":\"Organization\",\"@id\":\"https:\/\/rangelproducoes.com\/blog\/#organization\",\"name\":\"Blog Rangel Produ\u00e7\u00f5es\",\"url\":\"https:\/\/rangelproducoes.com\/blog\/\",\"logo\":{\"@type\":\"ImageObject\",\"inLanguage\":\"pt-BR\",\"@id\":\"https:\/\/rangelproducoes.com\/blog\/#\/schema\/logo\/image\/\",\"url\":\"https:\/\/rangelproducoes.com\/blog\/wp-content\/uploads\/2021\/11\/cropped-logo_para_fundo_escuro.png\",\"contentUrl\":\"https:\/\/rangelproducoes.com\/blog\/wp-content\/uploads\/2021\/11\/cropped-logo_para_fundo_escuro.png\",\"width\":223,\"height\":80,\"caption\":\"Blog Rangel Produ\u00e7\u00f5es\"},\"image\":{\"@id\":\"https:\/\/rangelproducoes.com\/blog\/#\/schema\/logo\/image\/\"}}]}<\/script>\n<!-- \/ Yoast SEO plugin. -->","yoast_head_json":{"title":"Lanchonetes - Blog Rangel Produ\u00e7\u00f5es","description":"Se voc\u00ea est\u00e1 procurando um programa para gerenciar a sua Lanchonete, n\u00f3s temos a solu\u00e7\u00e3o ideal para seu neg\u00f3cio.","robots":{"index":"index","follow":"follow","max-snippet":"max-snippet:-1","max-image-preview":"max-image-preview:large","max-video-preview":"max-video-preview:-1"},"canonical":"https:\/\/rangelproducoes.com\/blog\/lanchonetes\/","og_locale":"pt_BR","og_type":"article","og_title":"Lanchonetes - Blog Rangel Produ\u00e7\u00f5es","og_description":"Se voc\u00ea est\u00e1 procurando um programa para gerenciar a sua Lanchonete, n\u00f3s temos a solu\u00e7\u00e3o ideal para seu neg\u00f3cio.","og_url":"https:\/\/rangelproducoes.com\/blog\/lanchonetes\/","og_site_name":"Blog Rangel Produ\u00e7\u00f5es","article_modified_time":"2022-02-08T13:42:08+00:00","twitter_card":"summary_large_image","twitter_misc":{"Est. tempo de leitura":"2 minutos"},"schema":{"@context":"https:\/\/schema.org","@graph":[{"@type":"WebPage","@id":"https:\/\/rangelproducoes.com\/blog\/lanchonetes\/","url":"https:\/\/rangelproducoes.com\/blog\/lanchonetes\/","name":"Lanchonetes - Blog Rangel Produ\u00e7\u00f5es","isPartOf":{"@id":"https:\/\/rangelproducoes.com\/blog\/#website"},"datePublished":"2021-11-16T11:11:54+00:00","dateModified":"2022-02-08T13:42:08+00:00","description":"Se voc\u00ea est\u00e1 procurando um programa para gerenciar a sua Lanchonete, n\u00f3s temos a solu\u00e7\u00e3o ideal para seu neg\u00f3cio.","breadcrumb":{"@id":"https:\/\/rangelproducoes.com\/blog\/lanchonetes\/#breadcrumb"},"inLanguage":"pt-BR","potentialAction":[{"@type":"ReadAction","target":["https:\/\/rangelproducoes.com\/blog\/lanchonetes\/"]}]},{"@type":"BreadcrumbList","@id":"https:\/\/rangelproducoes.com\/blog\/lanchonetes\/#breadcrumb","itemListElement":[{"@type":"ListItem","position":1,"name":"In\u00edcio","item":"https:\/\/rangelproducoes.com\/blog\/"},{"@type":"ListItem","position":2,"name":"Lanchonetes"}]},{"@type":"WebSite","@id":"https:\/\/rangelproducoes.com\/blog\/#website","url":"https:\/\/rangelproducoes.com\/blog\/","name":"Blog Rangel Produ\u00e7\u00f5es","description":"","publisher":{"@id":"https:\/\/rangelproducoes.com\/blog\/#organization"},"potentialAction":[{"@type":"SearchAction","target":{"@type":"EntryPoint","urlTemplate":"https:\/\/rangelproducoes.com\/blog\/?s={search_term_string}"},"query-input":{"@type":"PropertyValueSpecification","valueRequired":true,"valueName":"search_term_string"}}],"inLanguage":"pt-BR"},{"@type":"Organization","@id":"https:\/\/rangelproducoes.com\/blog\/#organization","name":"Blog Rangel Produ\u00e7\u00f5es","url":"https:\/\/rangelproducoes.com\/blog\/","logo":{"@type":"ImageObject","inLanguage":"pt-BR","@id":"https:\/\/rangelproducoes.com\/blog\/#\/schema\/logo\/image\/","url":"https:\/\/rangelproducoes.com\/blog\/wp-content\/uploads\/2021\/11\/cropped-logo_para_fundo_escuro.png","contentUrl":"https:\/\/rangelproducoes.com\/blog\/wp-content\/uploads\/2021\/11\/cropped-logo_para_fundo_escuro.png","width":223,"height":80,"caption":"Blog Rangel Produ\u00e7\u00f5es"},"image":{"@id":"https:\/\/rangelproducoes.com\/blog\/#\/schema\/logo\/image\/"}}]}},"_links":{"self":[{"href":"https:\/\/rangelproducoes.com\/blog\/wp-json\/wp\/v2\/pages\/67","targetHints":{"allow":["GET"]}}],"collection":[{"href":"https:\/\/rangelproducoes.com\/blog\/wp-json\/wp\/v2\/pages"}],"about":[{"href":"https:\/\/rangelproducoes.com\/blog\/wp-json\/wp\/v2\/types\/page"}],"author":[{"embeddable":true,"href":"https:\/\/rangelproducoes.com\/blog\/wp-json\/wp\/v2\/users\/1"}],"replies":[{"embeddable":true,"href":"https:\/\/rangelproducoes.com\/blog\/wp-json\/wp\/v2\/comments?post=67"}],"version-history":[{"count":3,"href":"https:\/\/rangelproducoes.com\/blog\/wp-json\/wp\/v2\/pages\/67\/revisions"}],"predecessor-version":[{"id":487,"href":"https:\/\/rangelproducoes.com\/blog\/wp-json\/wp\/v2\/pages\/67\/revisions\/487"}],"wp:attachment":[{"href":"https:\/\/rangelproducoes.com\/blog\/wp-json\/wp\/v2\/media?parent=67"}],"curies":[{"name":"wp","href":"https:\/\/api.w.org\/{rel}","templated":true}]}}